{"id":336,"date":"2024-11-02T05:48:03","date_gmt":"2024-11-02T05:48:03","guid":{"rendered":"https:\/\/alica-wohlfart.com\/datenschutzbestimmungen\/"},"modified":"2024-11-19T14:01:54","modified_gmt":"2024-11-19T14:01:54","slug":"datenschutzbestimmungen","status":"publish","type":"page","link":"https:\/\/alica-wohlfart.com\/de\/datenschutzbestimmungen\/","title":{"rendered":"Datenschutzbestimmungen"},"content":{"rendered":"\t\t<div data-elementor-type=\"wp-page\" data-elementor-id=\"336\" class=\"elementor elementor-336 elementor-191\" data-elementor-post-type=\"page\">\n\t\t\t\t\t\t<section class=\"elementor-section elementor-top-section elementor-element elementor-element-14a3883e elementor-section-boxed elementor-section-height-default elementor-section-height-default\" data-id=\"14a3883e\" data-element_type=\"section\" data-settings=\"{&quot;background_background&quot;:&quot;classic&quot;}\">\n\t\t\t\t\t\t\t<div class=\"elementor-background-overlay\"><\/div>\n\t\t\t\t\t\t\t<div class=\"elementor-container elementor-column-gap-no\">\n\t\t\t\t\t<div class=\"elementor-column elementor-col-100 elementor-top-column elementor-element elementor-element-3208c06d\" data-id=\"3208c06d\" data-element_type=\"column\">\n\t\t\t<div class=\"elementor-widget-wrap elementor-element-populated\">\n\t\t\t\t\t\t<div class=\"elementor-element elementor-element-4de52ea6 elementor-widget__width-initial elementor-absolute elementor-widget elementor-widget-image\" data-id=\"4de52ea6\" data-element_type=\"widget\" data-settings=\"{&quot;_position&quot;:&quot;absolute&quot;}\" data-widget_type=\"image.default\">\n\t\t\t\t<div class=\"elementor-widget-container\">\n\t\t\t\t\t\t\t\t\t\t\t\t\t\t\t<img fetchpriority=\"high\" decoding=\"async\" width=\"449\" height=\"287\" src=\"https:\/\/alica-wohlfart.com\/wp-content\/uploads\/2024\/11\/dot-overlay-2.png\" class=\"attachment-large size-large wp-image-325\" alt=\"\" srcset=\"https:\/\/alica-wohlfart.com\/wp-content\/uploads\/2024\/11\/dot-overlay-2.png 449w, https:\/\/alica-wohlfart.com\/wp-content\/uploads\/2024\/11\/dot-overlay-2-300x192.png 300w\" sizes=\"(max-width: 449px) 100vw, 449px\" \/>\t\t\t\t\t\t\t\t\t\t\t\t\t\t\t<\/div>\n\t\t\t\t<\/div>\n\t\t\t\t<section class=\"elementor-section elementor-inner-section elementor-element elementor-element-78ce9130 elementor-section-boxed elementor-section-height-default elementor-section-height-default\" data-id=\"78ce9130\" data-element_type=\"section\">\n\t\t\t\t\t\t<div class=\"elementor-container elementor-column-gap-no\">\n\t\t\t\t\t<div class=\"elementor-column elementor-col-100 elementor-inner-column elementor-element elementor-element-38abf3f4\" data-id=\"38abf3f4\" data-element_type=\"column\">\n\t\t\t<div class=\"elementor-widget-wrap elementor-element-populated\">\n\t\t\t\t\t\t\t<\/div>\n\t\t<\/div>\n\t\t\t\t\t<\/div>\n\t\t<\/section>\n\t\t\t\t\t<\/div>\n\t\t<\/div>\n\t\t\t\t\t<\/div>\n\t\t<\/section>\n\t\t\t\t<section class=\"elementor-section elementor-top-section elementor-element elementor-element-51f52758 elementor-section-boxed elementor-section-height-default elementor-section-height-default\" data-id=\"51f52758\" data-element_type=\"section\" data-settings=\"{&quot;background_background&quot;:&quot;classic&quot;}\">\n\t\t\t\t\t\t<div class=\"elementor-container elementor-column-gap-no\">\n\t\t\t\t\t<div class=\"elementor-column elementor-col-100 elementor-top-column elementor-element elementor-element-4de65e70\" data-id=\"4de65e70\" data-element_type=\"column\">\n\t\t\t<div class=\"elementor-widget-wrap elementor-element-populated\">\n\t\t\t\t\t\t<div class=\"elementor-element elementor-element-17791700 elementor-widget elementor-widget-text-editor\" data-id=\"17791700\" data-element_type=\"widget\" data-widget_type=\"text-editor.default\">\n\t\t\t\t<div class=\"elementor-widget-container\">\n\t\t\t\t\t\t\t\t\t<h3>1. Impressum &amp; 2. Datenschutzbestimmungen <\/p>\n<\/h3>\n<h3>Impressum<\/h3>\n<p>Top Words Copywriting LLC <br \/>Angaben gem\u00e4\u00df \u00a7 5 TMG: <br \/>2355 STATE ST STE <br \/>101 SALEM OR <br \/>97301 USA  <\/p>\n<p><strong>Kontakt E-Mail<\/strong>: alica@alica-wohlfart.com EU-Streitschlichtung Die Europ\u00e4ische Kommission stellt eine Plattform zur Online-Streitbeilegung (OS) bereit: https:\/\/ec.europa.eu\/consumers\/odr\/. Unsere E-Mail-Adresse finden Sie oben im Impressum.  <\/p>\n<p>Verbraucherstreitbeilegung\/Universalschlichtungsstelle Wir sind nicht bereit oder verpflichtet, an Streitbeilegungsverfahren vor einer Verbraucherschlichtungsstelle teilzunehmen.   <\/p>\n<p><strong>Haftungsausschluss:<\/strong><br \/>H<strong>aftung f\u00fcr Inhalte<br \/><\/strong> Als Diensteanbieter sind wir gem\u00e4\u00df \u00a7 7 Abs.1 TMG f\u00fcr eigene Inhalte auf diesen Seiten nach den allgemeinen Gesetzen verantwortlich. Nach \u00a7\u00a7 8 bis 10 TMG sind wir als Diensteanbieter jedoch nicht verpflichtet, \u00fcbermittelte oder gespeicherte fremde Informationen zu \u00fcberwachen oder nach Umst\u00e4nden zu forschen, die auf eine rechtswidrige T\u00e4tigkeit hinweisen. Verpflichtungen zur Entfernung oder Sperrung der Nutzung von Informationen nach den allgemeinen Gesetzen bleiben hiervon unber\u00fchrt. Eine diesbez\u00fcgliche Haftung ist jedoch erst ab dem Zeitpunkt der Kenntnis einer konkreten Rechtsverletzung m\u00f6glich. Bei Bekanntwerden von entsprechenden Rechtsverletzungen werden wir diese Inhalte umgehend entfernen.       <\/p>\n<p><strong>Haftung f\u00fcr Links  <\/strong><\/p>\n<p>Unser Angebot enth\u00e4lt Links zu externen Webseiten Dritter, auf deren Inhalte wir keinen Einfluss haben. Deshalb k\u00f6nnen wir f\u00fcr diese fremden Inhalte auch keine Gew\u00e4hr \u00fcbernehmen. F\u00fcr die Inhalte der verlinkten Seiten ist stets der jeweilige Anbieter oder Betreiber der Seiten verantwortlich. Die verlinkten Seiten wurden zum Zeitpunkt der Verlinkung auf m\u00f6gliche Rechtsverst\u00f6\u00dfe \u00fcberpr\u00fcft. Rechtswidrige Inhalte waren zum Zeitpunkt der Verlinkung nicht erkennbar. Eine permanente inhaltliche Kontrolle der verlinkten Seiten ist jedoch ohne konkrete Anhaltspunkte einer Rechtsverletzung nicht zumutbar. Bei Bekanntwerden von Rechtsverletzungen werden wir derartige Links umgehend entfernen.         <\/p>\n<p><strong>Urheberrecht<\/strong> <\/p>\n<p>Die durch die Seitenbetreiber erstellten Inhalte und Werke auf diesen Seiten unterliegen dem deutschen Urheberrecht. Die Vervielf\u00e4ltigung, Bearbeitung, Verbreitung und jede Art der Verwertung au\u00dferhalb der Grenzen des Urheberrechtes bed\u00fcrfen der schriftlichen Zustimmung des jeweiligen Autors bzw. Erstellers. Downloads und Kopien dieser Seite sind nur f\u00fcr den privaten, nicht kommerziellen Gebrauch gestattet. Soweit die Inhalte auf dieser Seite nicht vom Betreiber erstellt wurden, werden die Urheberrechte Dritter beachtet. Insbesondere werden Inhalte Dritter als solche gekennzeichnet. Sollten Sie trotzdem auf eine Urheberrechtsverletzung aufmerksam werden, bitten wir um einen entsprechenden Hinweis. Bei Bekanntwerden von Rechtsverletzungen werden wir derartige Inhalte umgehend entfernen.         <\/p>\n<p><strong>Quelle<\/strong>: e-recht24.de<\/p>\n<p><strong> <\/strong><\/p>\n<h3 style=\"font-family: 'Exo 2', sans-serif;\"><span style=\"font-weight: bolder;\">2. Datenschutzrichtlinie<\/span><\/h3>\n<\/p>\n<p><strong>Zuletzt aktualisiert: November 2, 2024<\/strong><\/p>\n<p>Willkommen bei Alica-Wohlfart.com. In dieser Datenschutzerkl\u00e4rung wird erl\u00e4utert, wie wir Ihre pers\u00f6nlichen Daten sammeln, verwenden und sch\u00fctzen, wenn Sie unsere Website besuchen oder unsere Dienste nutzen. <\/p>\n<h4>1. Informationen, die wir sammeln<\/h4>\n<p>Wir sammeln bestimmte pers\u00f6nliche Informationen, wenn Sie mit uns interagieren, einschlie\u00dflich:<\/p>\n<ul>\n<li><strong>Pers\u00f6nliche Identifikationsdaten<\/strong>: Name, E-Mail-Adresse, Telefonnummer usw., die Sie in Formularen oder bei der Buchung von Beratungen angeben.<\/li>\n<li><strong>Nutzungsdaten<\/strong>: Informationen \u00fcber Ihre Interaktion mit unserer Website, wie z.B. Ihre IP-Adresse, Browsertyp, besuchte Seiten und andere Nutzungsstatistiken.<\/li>\n<\/ul>\n<h4>2. Wie wir Ihre Informationen verwenden<\/h4>\n<p>Wir verwenden Ihre pers\u00f6nlichen Daten f\u00fcr verschiedene Zwecke, darunter:<\/p>\n<ul>\n<li><strong>Erbringung von Dienstleistungen<\/strong>: Coaching, Workshops und Beratungsdienste anbieten.<\/li>\n<li><strong>Kommunikation<\/strong>: Beantwortung von Anfragen, Bereitstellung von Updates und Weitergabe relevanter Informationen.<\/li>\n<li><strong>Verbesserung unserer Website<\/strong>: Um die Leistung der Website zu analysieren und die Benutzerfreundlichkeit zu verbessern.<\/li>\n<li><strong>Einhaltung von Vorschriften<\/strong>: Um gesetzlichen Verpflichtungen nachzukommen und unsere Rechte zu sch\u00fctzen.<\/li>\n<\/ul>\n<h4>3. Wie wir Ihre Informationen weitergeben<\/h4>\n<p>Wir verkaufen Ihre pers\u00f6nlichen Daten nicht und geben sie nicht an Dritte weiter, au\u00dfer:<\/p>\n<ul>\n<li><strong>Mit Dienstanbietern<\/strong>: Vertrauensw\u00fcrdige Drittanbieter, die uns dabei helfen, unsere Website zu betreiben und Dienstleistungen zu erbringen (z. B. Zahlungsabwicklung, Website-Hosting).<\/li>\n<li><strong>Zur Einhaltung von Gesetzen<\/strong>: Falls erforderlich, um gesetzlichen Verpflichtungen nachzukommen oder unsere Rechte zu sch\u00fctzen.<\/li>\n<\/ul>\n<h4>4. Datensicherheit<\/h4>\n<p>Wir setzen Standard-Sicherheitsma\u00dfnahmen ein, um Ihre Daten vor unbefugtem Zugriff oder Offenlegung zu sch\u00fctzen. Allerdings ist keine \u00dcbertragung \u00fcber das Internet v\u00f6llig sicher, und wir k\u00f6nnen keine absolute Sicherheit garantieren. <\/p>\n<h4>5. Cookies und Tracking-Technologien<\/h4>\n<p>Unsere Website kann Cookies verwenden, um die Benutzerfreundlichkeit zu verbessern. Sie k\u00f6nnen Ihren Browser so einstellen, dass er Cookies ablehnt, aber dies kann bestimmte Funktionen der Website beeintr\u00e4chtigen. <\/p>\n<h4>6. Ihre Rechte<\/h4>\n<p>Abh\u00e4ngig von Ihrem Wohnort haben Sie m\u00f6glicherweise Rechte an Ihren pers\u00f6nlichen Daten, einschlie\u00dflich:<\/p>\n<ul>\n<li><strong>Zugang<\/strong>: Beantragen Sie Zugang zu den Daten, die wir \u00fcber Sie gespeichert haben.<\/li>\n<li><strong>Berichtigung<\/strong>: Korrigieren oder aktualisieren Sie alle ungenauen Informationen.<\/li>\n<li><strong>L\u00f6schung<\/strong>: Verlangen Sie unter bestimmten Bedingungen die L\u00f6schung Ihrer pers\u00f6nlichen Daten.<\/li>\n<\/ul>\n<p>Wenn Sie diese Rechte aus\u00fcben m\u00f6chten, kontaktieren Sie uns bitte unter <strong><a rel=\"noopener\"> alica@alica-wohlfart.com.<\/a><\/strong><\/p>\n<h4>7. Links von Drittanbietern<\/h4>\n<p>Unsere Website kann Links zu anderen Websites enthalten. Wir sind nicht verantwortlich f\u00fcr die Datenschutzpraktiken oder den Inhalt dieser Websites. Wir empfehlen Ihnen, deren Datenschutzrichtlinien zu lesen.  <\/p>\n<h4>8. \u00c4nderungen an dieser Datenschutzrichtlinie<\/h4>\n<p>Wir k\u00f6nnen diese Datenschutzrichtlinie von Zeit zu Zeit aktualisieren. Alle \u00c4nderungen werden auf dieser Seite mit dem aktualisierten Datum ver\u00f6ffentlicht. Bitte \u00fcberpr\u00fcfen Sie sie regelm\u00e4\u00dfig, um auf dem Laufenden zu bleiben.  <\/p>\n<h4>9. Kontaktieren Sie uns<\/h4>\n<p>Wenn Sie Fragen zu dieser Datenschutzrichtlinie haben, kontaktieren Sie uns bitte unter:<\/p>\n<p><strong>E-Mail<\/strong>:<a rel=\"noopener\"> alica@alica-wohlfart.com<\/a><\/p>\n\t\t\t\t\t\t\t\t<\/div>\n\t\t\t\t<\/div>\n\t\t\t\t\t<\/div>\n\t\t<\/div>\n\t\t\t\t\t<\/div>\n\t\t<\/section>\n\t\t\t\t<\/div>\n\t\t","protected":false},"excerpt":{"rendered":"<p>1. Impressum &amp; 2. Datenschutzbestimmungen Impressum Top Words Copywriting LLC Angaben gem\u00e4\u00df \u00a7 5 TMG: 2355 STATE ST STE 101 SALEM OR 97301 USA Kontakt E-Mail: alica@alica-wohlfart.com EU-Streitschlichtung Die Europ\u00e4ische Kommission stellt eine Plattform zur Online-Streitbeilegung (OS) bereit: https:\/\/ec.europa.eu\/consumers\/odr\/. Unsere E-Mail-Adresse finden Sie oben im Impressum. Verbraucherstreitbeilegung\/Universalschlichtungsstelle Wir sind nicht bereit oder verpflichtet, an Streitbeilegungsverfahren [&hellip;]<\/p>\n","protected":false},"author":1,"featured_media":0,"parent":0,"menu_order":0,"comment_status":"closed","ping_status":"closed","template":"elementor_header_footer","meta":{"footnotes":""},"class_list":["post-336","page","type-page","status-publish","hentry"],"_links":{"self":[{"href":"https:\/\/alica-wohlfart.com\/de\/wp-json\/wp\/v2\/pages\/336","targetHints":{"allow":["GET"]}}],"collection":[{"href":"https:\/\/alica-wohlfart.com\/de\/wp-json\/wp\/v2\/pages"}],"about":[{"href":"https:\/\/alica-wohlfart.com\/de\/wp-json\/wp\/v2\/types\/page"}],"author":[{"embeddable":true,"href":"https:\/\/alica-wohlfart.com\/de\/wp-json\/wp\/v2\/users\/1"}],"replies":[{"embeddable":true,"href":"https:\/\/alica-wohlfart.com\/de\/wp-json\/wp\/v2\/comments?post=336"}],"version-history":[{"count":3,"href":"https:\/\/alica-wohlfart.com\/de\/wp-json\/wp\/v2\/pages\/336\/revisions"}],"predecessor-version":[{"id":517,"href":"https:\/\/alica-wohlfart.com\/de\/wp-json\/wp\/v2\/pages\/336\/revisions\/517"}],"wp:attachment":[{"href":"https:\/\/alica-wohlfart.com\/de\/wp-json\/wp\/v2\/media?parent=336"}],"curies":[{"name":"wp","href":"https:\/\/api.w.org\/{rel}","templated":true}]}}